{"id":3696,"date":"2023-01-26T22:57:48","date_gmt":"2023-01-26T22:57:48","guid":{"rendered":"https:\/\/puntacanaemportugues.com\/?page_id=3696"},"modified":"2025-05-15T13:34:34","modified_gmt":"2025-05-15T16:34:34","slug":"politica-de-privacidade","status":"publish","type":"page","link":"https:\/\/puntacanaemportugues.com\/politica-de-privacidade\/","title":{"rendered":"Politica de Privacidade"},"content":{"rendered":"\t\t<div data-elementor-type=\"wp-page\" data-elementor-id=\"3696\" class=\"elementor elementor-3696\" data-elementor-post-type=\"page\">\n\t\t\t\t\t\t<section class=\"elementor-section elementor-top-section elementor-element elementor-element-855a25b elementor-section-full_width elementor-section-height-default elementor-section-height-default\" data-id=\"855a25b\" data-element_type=\"section\">\n\t\t\t\t\t\t<div class=\"elementor-container elementor-column-gap-default\">\n\t\t\t\t\t<div class=\"elementor-column elementor-col-100 elementor-top-column elementor-element elementor-element-d864fc9\" data-id=\"d864fc9\" data-element_type=\"column\">\n\t\t\t<div class=\"elementor-widget-wrap elementor-element-populated\">\n\t\t\t\t\t\t<section class=\"elementor-section elementor-inner-section elementor-element elementor-element-06a813a elementor-section-boxed elementor-section-height-default elementor-section-height-default\" data-id=\"06a813a\" data-element_type=\"section\">\n\t\t\t\t\t\t<div class=\"elementor-container elementor-column-gap-default\">\n\t\t\t\t\t<div class=\"elementor-column elementor-col-100 elementor-inner-column elementor-element elementor-element-ddb1f2b\" data-id=\"ddb1f2b\" data-element_type=\"column\">\n\t\t\t<div class=\"elementor-widget-wrap elementor-element-populated\">\n\t\t\t\t\t\t<div class=\"elementor-element elementor-element-e3ee00d elementor-widget elementor-widget-heading\" data-id=\"e3ee00d\" data-element_type=\"widget\" data-widget_type=\"heading.default\">\n\t\t\t\t<div class=\"elementor-widget-container\">\n\t\t\t\t\t<h2 class=\"elementor-heading-title elementor-size-default\">Pol\u00edtica de Privacidade<\/h2>\t\t\t\t<\/div>\n\t\t\t\t<\/div>\n\t\t\t\t<div class=\"elementor-element elementor-element-8445fc6 elementor-widget elementor-widget-text-editor\" data-id=\"8445fc6\" data-element_type=\"widget\" data-widget_type=\"text-editor.default\">\n\t\t\t\t<div class=\"elementor-widget-container\">\n\t\t\t\t\t\t\t\t\t<p><span style=\"font-weight: 400;\">Pol\u00edtica de Privacidade<\/span><\/p><p><span style=\"font-weight: 400;\">Em vigor a partir de 1 de Janeiro de 2019.<\/span><\/p><p><span style=\"font-weight: 400;\">Estamos empenhados em proteger e respeitar a sua privacidade, pois consideramos a prote\u00e7\u00e3o de dados como um pilar fundamental para construir confian\u00e7a em rela\u00e7\u00f5es de parcerias fortes e duradouras.<\/span><\/p><p><span style=\"font-weight: 400;\">Esta pol\u00edtica estabelece a base sobre a qual todos os dados pessoais que recolhemos sobre si quando utiliza os nossos produtos ou servi\u00e7os, ou interage com a Punta Cana em Portugu\u00eas (por exemplo, participando em eventos da Punta Cana em Portugu\u00eas ou participando em atividades de marketing) ou que nos forneceu, ser\u00e3o processados por n\u00f3s.\u00a0<\/span><\/p><p><span style=\"font-weight: 400;\">Esta pol\u00edtica tamb\u00e9m explica as suas escolhas sobre como usamos informa\u00e7\u00f5es sobre voc\u00ea. Por favor, leia atentamente o seguinte para compreender os nossos pontos de vista e pr\u00e1ticas a respeito dos seus dados pessoais e como vamos trat\u00e1-los.\u00a0<\/span><\/p><p><span style=\"font-weight: 400;\">Se voc\u00ea n\u00e3o concorda com esta pol\u00edtica, n\u00e3o acesse ou use nossos servi\u00e7os ou interaja com qualquer outro aspecto do nosso neg\u00f3cio.<\/span><\/p><p><span style=\"font-weight: 400;\">Ao fazer um pedido ou abrir uma conta na Punta Cana em Portugu\u00eas est\u00e1 a aceitar e a dar o seu consentimento \u00e0s pr\u00e1ticas descritas nesta pol\u00edtica.\u00a0<\/span><\/p><p><span style=\"font-weight: 400;\">Al\u00e9m disso, garante que todas as pessoas, cuja informa\u00e7\u00e3o pessoal nos seja facultada por si relativamente ao seu pedido ou \u00e0 sua conta, t\u00eam conhecimento desta pol\u00edtica e aceitam e concordam com as pr\u00e1ticas descritas nesta pol\u00edtica e est\u00e3o dispostas e autorizadas, mediante solicita\u00e7\u00e3o do Comiss\u00e1rio da Informa\u00e7\u00e3o ou qualquer outra Autoridade de Prote\u00e7\u00e3o de Dados, a facultar uma prova escrita do seu consentimento e aceita\u00e7\u00e3o.\u00a0<\/span><\/p><p><span style=\"font-weight: 400;\">Para todas as finalidades relacionadas \u00e0 prote\u00e7\u00e3o de dados, inclusive para os fins desta Pol\u00edtica de Privacidade, de dados processados a Punta Cana em Portugu\u00eas<\/span><\/p><p><span style=\"font-weight: 400;\">Esta pol\u00edtica de privacidade pode ser atualizada sem aviso pr\u00e9vio, portanto revise-a periodicamente para assegurar-se de estar informado sobre estas mudan\u00e7as.<\/span><\/p><p><span style=\"font-weight: 400;\">Informa\u00e7\u00f5es Suas Que Podemos Recolher<\/span><\/p><p><span style=\"font-weight: 400;\">Podemos recolher e processar os seguintes dados sobre si:<\/span><\/p><p><span style=\"font-weight: 400;\">Informa\u00e7\u00e3o que nos faculta<\/span><\/p><p><span style=\"font-weight: 400;\">Pode facultar-nos a informa\u00e7\u00e3o sobre si por meio do preenchimento de formul\u00e1rios no nosso site: https:\/\/puntacanaemportugues.com\/ ou ao corresponder-se conosco por telefone, e-mail ou de outra forma.\u00a0<\/span><\/p><p><span style=\"font-weight: 400;\">Isto inclui a informa\u00e7\u00e3o que faculta ao registar-se para usar o nosso site, subscrever o nosso servi\u00e7o, fazer um pedido no nosso site, outras atividades habitualmente realizadas no site e quando comunica um problema com o nosso site. As informa\u00e7\u00f5es que nos faculta podem incluir:<\/span><\/p><ol><li><span style=\"font-weight: 400;\"> Informa\u00e7\u00f5es sobre o cliente: o seu nome (o seu nome pr\u00f3prio e apelido ou o nome da empresa e o nome pr\u00f3prio e apelido da pessoa respons\u00e1vel), identifica\u00e7\u00e3o fiscal para efeitos alfandeg\u00e1rios (CNPJ ou CPF e RG), endere\u00e7o, n\u00famero de telefone e-mail, informa\u00e7\u00e3o financeira e do cart\u00e3o de cr\u00e9dito.<\/span><\/li><li><span style=\"font-weight: 400;\"> Informa\u00e7\u00f5es relacionadas com a coleta \u2013 remetente (nome pr\u00f3prio e apelido da pessoa que entrega a encomenda, n\u00famero de telefone, e-mail e endere\u00e7o para coleta).<\/span><\/li><li><span style=\"font-weight: 400;\"> Informa\u00e7\u00f5es relacionadas com a entrega (nome pr\u00f3prio e apelido da pessoa a quem a encomenda ser\u00e1 entregue, n\u00famero de telefone, e-mail e endere\u00e7o para entrega).<\/span><\/li><li><span style=\"font-weight: 400;\"> Informa\u00e7\u00f5es relacionadas com a confirma\u00e7\u00e3o (endere\u00e7o eletr\u00f4nico).<\/span><\/li><\/ol><p><span style=\"font-weight: 400;\">Informa\u00e7\u00f5es fornecidas por nossos canais de suporte onde voc\u00ea pode optar por enviar informa\u00e7\u00f5es sobre um problema que est\u00e1 ocorrendo com um transporte.\u00a0<\/span><\/p><p><span style=\"font-weight: 400;\">Se voc\u00ea falar diretamente com um dos nossos representantes ou se comunicar com a nossa equipa de atendimento ao cliente, voc\u00ea fornecera-nos informa\u00e7\u00f5es de contato, um resumo do problema que est\u00e1 tendo e qualquer outra documenta\u00e7\u00e3o como printscreen ou informa\u00e7\u00e3o que seja \u00fatil para ajudar a resolver o problema, incluindo tipo de dispositivo, sistema operacional, tipo de navegador, endere\u00e7o de IP, URLs de p\u00e1ginas de refer\u00eancia\/p\u00e1ginas de sa\u00edda, identificadores e dados de falha<\/span><\/p><p><span style=\"font-weight: 400;\">Informa\u00e7\u00f5es que recolhemos automaticamente quando voc\u00ea utiliza nossos servi\u00e7os. Recolhemos informa\u00e7\u00f5es sobre voc\u00ea quando utiliza os servi\u00e7os da Punta Cana em Portugu\u00eas, inclusive enquanto voc\u00ea est\u00e1 a navegar no nosso website.<\/span><\/p><p><span style=\"font-weight: 400;\">O seu uso dos servi\u00e7os: n\u00f3s rastreamos determinadas informa\u00e7\u00f5es sobre voc\u00ea quando visita ou interage com os nossos servi\u00e7os.\u00a0<\/span><\/p><p><span style=\"font-weight: 400;\">Esta informa\u00e7\u00e3o inclui os recursos que voc\u00ea usa os servi\u00e7os que voc\u00ea seleciona, op\u00e7\u00f5es de pagamentos preferidas, endere\u00e7os usados com frequ\u00eancia e links nos quais voc\u00ea clica.<\/span><\/p><p><span style=\"font-weight: 400;\">Cookies e outras tecnologias: n\u00f3s utilizamos para fornecer funcionalidade e reconhec\u00ea-lo quando voc\u00ea est\u00e1 tentando usar o nosso servi\u00e7o.<\/span><\/p><p><span style=\"font-weight: 400;\">Informa\u00e7\u00f5es que recebemos de outras fontes<\/span><\/p><p><span style=\"font-weight: 400;\">Podemos receber informa\u00e7\u00f5es suas se usar outros servi\u00e7os que prestamos ou a partir de registos p\u00fablicos.\u00a0<\/span><\/p><p><span style=\"font-weight: 400;\">Estamos tamb\u00e9m a trabalhar em estreita colabora\u00e7\u00e3o com terceiros (incluindo, por exemplo, correios, parceiros de neg\u00f3cios, subcontratados para presta\u00e7\u00e3o de servi\u00e7os t\u00e9cnicos, pagamentos e entregas, redes de publicidade, provedores de an\u00e1lise, fornecedores de servi\u00e7os de informa\u00e7\u00e3o de pesquisa, ag\u00eancias de refer\u00eancia de cr\u00e9dito) e podemos receber as suas informa\u00e7\u00f5es por meio dos mesmos.<\/span><\/p><p><span style=\"font-weight: 400;\">Per\u00edodo para o qual os dados recolhidos s\u00e3o mantidos<\/span><\/p><p><span style=\"font-weight: 400;\">Os dados recolhidos s\u00e3o mantidos pelo per\u00edodo estritamente necess\u00e1rio a fim de cumprir as obriga\u00e7\u00f5es legais ou contratuais, n\u00e3o por um per\u00edodo de tempo indefinido.<\/span><\/p><p><span style=\"font-weight: 400;\">O Uso Que Fazemos Da Informa\u00e7\u00e3o<\/span><\/p><p><span style=\"font-weight: 400;\">Usamos a sua informa\u00e7\u00e3o que detemos sobre si das seguintes formas:<\/span><\/p><p><span style=\"font-weight: 400;\">Informa\u00e7\u00e3o sobre o cliente que nos transmite<\/span><\/p><p><span style=\"font-weight: 400;\">Utilizaremos estas informa\u00e7\u00f5es:<\/span><\/p><ol><li><span style=\"font-weight: 400;\"> Para cumprirmos as nossas obriga\u00e7\u00f5es decorrentes de contratos celebrados entre si e n\u00f3s e para lhe facultar as informa\u00e7\u00f5es, produtos e servi\u00e7os que nos solicita; inclusive para processar transa\u00e7\u00f5es com voc\u00ea, enviar informa\u00e7\u00f5es transacionais, autenticar ao iniciar sess\u00e3o, fornecer suporte ao cliente e operar e manter nossos servi\u00e7os.<\/span><\/li><li><span style=\"font-weight: 400;\"> Para lhe facultar informa\u00e7\u00f5es sobre outros produtos e servi\u00e7os que oferecemos que s\u00e3o semelhantes aos que j\u00e1 tenha adquirido ou tenha pedido informa\u00e7\u00e3o, no caso de voc\u00ea ter dado consentimento direto para receber este tipo de comunica\u00e7\u00e3o e n\u00e3o ter retirado.<\/span><\/li><li><span style=\"font-weight: 400;\"> Para lhe facultar informa\u00e7\u00f5es sobre produtos ou servi\u00e7os que consideramos poderem ser do seu interesse; no caso de voc\u00ea ter dado consentimento direto para receber este tipo de comunica\u00e7\u00e3o e n\u00e3o ter retirado.<\/span><\/li><li><span style=\"font-weight: 400;\"> Para o\/a notificar de altera\u00e7\u00f5es ao nosso servi\u00e7o;<\/span><\/li><\/ol><p><span style=\"font-weight: 400;\">Para garantir que o conte\u00fado do nosso site seja apresentado da forma mais eficaz para si e para o seu computador.<\/span><\/p><p><span style=\"font-weight: 400;\">Para pesquisa e desenvolvimento:\u00a0<\/span><\/p><p><span style=\"font-weight: 400;\">Aprendemos sobre como nossos clientes utilizam nossos servi\u00e7os e os feedbacks fornecidos diretamente a n\u00f3s solucionamos problemas e identificamos tend\u00eancias, uso, padr\u00f5es de atividades e \u00e1reas para integra\u00e7\u00e3o e melhoria de nossos servi\u00e7os.<\/span><\/p><p><span style=\"font-weight: 400;\">Para proteger nossos leg\u00edtimos interesses comerciais e direitos legais, sempre que necess\u00e1rio para o fazermos em rela\u00e7\u00e3o a reclama\u00e7\u00f5es legais, conformidade, regulamenta\u00e7\u00f5es e fun\u00e7\u00f5es de auditoria, e divulga\u00e7\u00f5es relacionadas \u00e0 aquisi\u00e7\u00e3o, fus\u00e3o ou venda de uma empresa.<\/span><\/p><p><span style=\"font-weight: 400;\">As informa\u00e7\u00f5es que nos facultar e que estejam relacionadas com o levantamento, a entrega e a confirma\u00e7\u00e3o.<\/span><\/p><p><span style=\"font-weight: 400;\">Utilizaremos estas informa\u00e7\u00f5es:<\/span><\/p><ol><li><span style=\"font-weight: 400;\"> Para cumprirmos as nossas obriga\u00e7\u00f5es decorrentes de contratos celebrados entre si e n\u00f3s (incluindo encaminhar estas informa\u00e7\u00f5es para as empresas de entregas no EEA para organizar e executar o transporte); e<\/span><\/li><li><span style=\"font-weight: 400;\"> Para facultar-lhe as informa\u00e7\u00f5es, produtos e servi\u00e7os que nos solicita.<\/span><\/li><\/ol><p><span style=\"font-weight: 400;\">Informa\u00e7\u00f5es que recebemos de outras fontes<\/span><\/p><p><span style=\"font-weight: 400;\">Podemos combinar esta informa\u00e7\u00e3o com a informa\u00e7\u00e3o que nos facultar. Podemos utilizar esta informa\u00e7\u00e3o e a informa\u00e7\u00e3o combinada para os fins acima referidos (dependendo do tipo de informa\u00e7\u00e3o que recebemos).<\/span><\/p><p><span style=\"font-weight: 400;\">Divulga\u00e7\u00e3o Da Sua Informa\u00e7\u00e3o<\/span><\/p><ol><li><span style=\"font-weight: 400;\"> Podemos partilhar as suas informa\u00e7\u00f5es com:<\/span><\/li><li><span style=\"font-weight: 400;\"> Pessoal autorizado da Punta Cana em Portugu\u00eas localizado nos pa\u00edses de que precisam aceder \u00e0s informa\u00e7\u00f5es para o desempenho de qualquer contrato que fizermos com voc\u00ea.<\/span><\/li><li><span style=\"font-weight: 400;\"> Empresas do grupo Punta Cana em Portugu\u00eas para operar e melhorar produtos e servi\u00e7os.<\/span><\/li><li><span style=\"font-weight: 400;\"> Selecionados terceirizados incluindo servi\u00e7os de entregas e outros parceiros de neg\u00f3cios, fornecedores e subcontratados para o cumprimento de qualquer contrato que celebrarmos com eles ou consigo, incluindo:\u00a0<\/span><\/li><\/ol><p><span style=\"font-weight: 400;\">Empresas de courier, fornecedores de desenvolvimento de sites e aplicativos, hospedagem, manuten\u00e7\u00e3o, backup, armazenamento, infraestrutura virtual, processadores de pagamento, empresas de contabilidade, fornecedores de plataformas de CRM, provedores de sistema de telefonia, provedores de sistema anal\u00edticos, etc.<\/span><\/p><p><span style=\"font-weight: 400;\">Ao escolher terceiros para os quais podemos compartilhar as suas informa\u00e7\u00f5es, a Punta Cana em Portugu\u00eas toma todas as precau\u00e7\u00f5es e verifica\u00e7\u00f5es necess\u00e1rias para a conformidade de prote\u00e7\u00e3o de dados dessas organiza\u00e7\u00f5es.<\/span><\/p><p><span style=\"font-weight: 400;\">Podemos tamb\u00e9m revelar a sua informa\u00e7\u00e3o pessoal a terceiros:<\/span><\/p><ol><li><span style=\"font-weight: 400;\"> Caso vendamos ou compremos qualquer neg\u00f3cio ou ativos, nesse caso, podemos divulgar os seus dados pessoais ao potencial vendedor ou comprador de tais neg\u00f3cios ou ativos, mas apenas no caso em que \u00e9 estritamente necess\u00e1rio para a transa\u00e7\u00e3o ser conclu\u00edda.<\/span><\/li><li><span style=\"font-weight: 400;\"> Se formos obrigados a fornecer ou partilhar a sua informa\u00e7\u00e3o pessoal para permanecermos em conformidade com qualquer obriga\u00e7\u00e3o legal, ou para fazer cumprir ou aplicar os nossos Termos e Condi\u00e7\u00f5es de fornecimento e outros acordos; ou para proteger os direitos, propriedade ou seguran\u00e7a da Punta Cana em Portugu\u00eas, os nossos clientes ou outros.\u00a0<\/span><\/li><\/ol><p><span style=\"font-weight: 400;\">Isto inclui a troca de informa\u00e7\u00f5es com outras empresas e organiza\u00e7\u00f5es para fins de prote\u00e7\u00e3o contra fraude e redu\u00e7\u00e3o do risco de cr\u00e9dito.<\/span><\/p><p><span style=\"font-weight: 400;\">A Punta Cana em Portugu\u00eas gostaria de salientar que leva a s\u00e9rio os deveres para com os clientes, parceiros e pessoal, consequentemente, n\u00e3o divulga dados a ningu\u00e9m, o que inclui terceiros ou organiza\u00e7\u00f5es internacionais.<\/span><\/p><p><span style=\"font-weight: 400;\">A menos que seja obrigado a faz\u00ea-lo para cumprir a lei ou uma ordem v\u00e1lida e vinculativa de um governo ou \u00f3rg\u00e3o regulador, ou a fim de cumprir uma obriga\u00e7\u00e3o contratual pela qual o titular dos dados deu o consentimento para o processamento (como os casos mencionados acima).\u00a0<\/span><\/p><p><span style=\"font-weight: 400;\">Nesses casos, o governo ou os \u00f3rg\u00e3os reguladores precisam seguir o processo legal aplic\u00e1vel para obter ordens v\u00e1lidas e vinculantes, e tais pedidos s\u00e3o revisados pela Punta Cana em Portugu\u00eas, que pode se opor a ordens muito amplas ou inadequadas.\u00a0<\/span><\/p><p><span style=\"font-weight: 400;\">A menos que seja proibido faz\u00ea-lo, ou se houver uma indica\u00e7\u00e3o clara de conduta ilegal relacionada ao uso dos produtos ou servi\u00e7os da Punta Cana em Portugu\u00eas\u00a0<\/span><\/p><p><span style=\"font-weight: 400;\">A Punta Cana em Portugu\u00eas notifica seus clientes antes de divulgar o contato do cliente, para que eles possam buscar e preparar prote\u00e7\u00e3o contra a divulga\u00e7\u00e3o. A Punta Cana em Portugu\u00eas r tamb\u00e9m toma precau\u00e7\u00f5es s\u00e9rias relativamente a transfer\u00eancias fora da Brasil.\u00a0<\/span><\/p><p><span style=\"font-weight: 400;\">A Punta Cana em Portugu\u00eas compromete-se a n\u00e3o transferir dados para fora do Brasil, a menos que este pa\u00eds ou territ\u00f3rio tamb\u00e9m assegure um n\u00edvel, prote\u00e7\u00e3o ou salvaguardas adequadas, e sob a condi\u00e7\u00e3o de que est\u00e3o dispon\u00edveis os direitos dos titulares de dados e os recursos jur\u00eddicos eficazes para os titulares de dados.<\/span><\/p><p><span style=\"font-weight: 400;\">Os Seus Direitos<\/span><\/p><p><span style=\"font-weight: 400;\">Como titular de dados, voc\u00ea tem certos direitos com rela\u00e7\u00e3o aos seus dados pessoais, que incluem a prote\u00e7\u00e3o de seus dados, direito de saber quais dados est\u00e3o sendo mantidos pela Punta Cana em Portugu\u00eas.\u00a0<\/span><\/p><p><span style=\"font-weight: 400;\">Direito de aceder, adicionar, corrigir ou completar seus dados, direito de limita\u00e7\u00e3o dos processamentos de seus dados, direito de ser informado em caso de viola\u00e7\u00f5es de prote\u00e7\u00e3o de dados que afetem os seus dados e que possam resultar em alto risco para seus direitos e liberdades, direito \u00e0 portabilidade de dados e direito \u00e0 exclus\u00e3o de seus dados.\u00a0<\/span><\/p><p><span style=\"font-weight: 400;\">Caso os seus dados estejam sendo processados para fins de marketing, voc\u00ea tamb\u00e9m tem o direito de se opor a tal processamento.\u00a0<\/span><\/p><p><span style=\"font-weight: 400;\">Na medida em que voc\u00ea acha que houve uma viola\u00e7\u00e3o da legisla\u00e7\u00e3o, voc\u00ea tem o direito de apresentar uma queixa junto a uma autoridade reguladora.<\/span><\/p><p><span style=\"font-weight: 400;\">Se voc\u00ea deseja exercer os direitos acima mencionados (exceto reclama\u00e7\u00e3o com uma autoridade reguladora, que deve ser enviada diretamente \u00e0 autoridade competente) ou ter uma pergunta com rela\u00e7\u00e3o aos seus dados pessoais ou a forma como nos certificamos de que eles sejam mantidos protegidos, entre em contato via info@puntacanaemportugues.com<\/span><\/p><p><span style=\"font-weight: 400;\">Altera\u00e7\u00f5es \u00c0 Nossa Pol\u00edtica De Privacidade<\/span><\/p><p><span style=\"font-weight: 400;\">Quaisquer altera\u00e7\u00f5es que possamos fazer \u00e0 nossa pol\u00edtica de privacidade no futuro ser\u00e3o publicadas nesta p\u00e1gina e, se for apropriado, ser\u00e1 notificado por e-mail.<\/span><\/p><p><span style=\"font-weight: 400;\">Verifique com frequ\u00eancia para ver as atualiza\u00e7\u00f5es ou mudan\u00e7as da nossa pol\u00edtica de privacidade.<\/span><\/p><p><span style=\"font-weight: 400;\">Outros Websites<\/span><\/p><p><span style=\"font-weight: 400;\">O nosso site pode, de tempos em tempos, conter links para e de sites de nossas redes de parceiros, anunciantes, <a title=\"consultora de SEO\" href=\"https:\/\/viriatoconsultoriaseo.com.br\/\" target=\"_blank\" rel=\"noopener\">consultora de SEO<\/a>, e afiliados. Se voc\u00ea seguir um link para qualquer um desses sites, observe que estes sites t\u00eam suas pr\u00f3prias pol\u00edticas de privacidade e que n\u00e3o aceitamos qualquer responsabilidade ou obriga\u00e7\u00e3o por essas pol\u00edticas antes de enviar quaisquer dados pessoais para esses sites<span style=\"color: #333333;\">.<\/span><\/span><\/p><p><span style=\"font-weight: 400;\">Contato<\/span><\/p><p><span style=\"font-weight: 400;\">Para obter mais informa\u00e7\u00f5es sobre essa pr\u00e1tica as perguntas, coment\u00e1rios e pedidos relativos a esta pol\u00edtica de privacidade s\u00e3o bem-vindas e devem ser endere\u00e7adas para info@puntacanaemportugues.com. Caso deseje saber mais sobre Punta Cana em Portugu\u00eas, acesse nossas redes.<\/span><\/p><p><strong><a title=\"Youtube\" href=\"https:\/\/www.youtube.com\/@puntacanaemportugues\" target=\"_blank\" rel=\"noopener\"><span style=\"color: #993366;\">&#8211; Youtube<\/span><\/a><\/strong><\/p><p><strong><span style=\"color: #993366;\"><a style=\"color: #993366;\" href=\"https:\/\/www.instagram.com\/puntacanaemportugues\/\" target=\"_blank\" rel=\"noopener\">&#8211; Instagram<\/a><\/span><\/strong><\/p><p><strong><span style=\"color: #993366;\"><a style=\"color: #993366;\" href=\"https:\/\/www.facebook.com\/puntacanaemportugues\" target=\"_blank\" rel=\"noopener\">&#8211; Facebook<\/a><\/span><\/strong><\/p><p><strong><span style=\"color: #993366;\"><a style=\"color: #993366;\" href=\"https:\/\/puntacanaemportugues.com\/\">&#8211; Site<\/a><\/span><\/strong><\/p><p><span style=\"font-weight: 400;\">Esta vers\u00e3o de Pol\u00edtica de Privacidade entra em vigor em 1 de Janeiro de 2019. Punta Cana em Portugu\u00eas<\/span><\/p><p>.<\/p>\t\t\t\t\t\t\t\t<\/div>\n\t\t\t\t<\/div>\n\t\t\t\t\t<\/div>\n\t\t<\/div>\n\t\t\t\t\t<\/div>\n\t\t<\/section>\n\t\t\t\t\t<\/div>\n\t\t<\/div>\n\t\t\t\t\t<\/div>\n\t\t<\/section>\n\t\t\t\t<\/div>\n\t\t","protected":false},"excerpt":{"rendered":"<p>Pol\u00edtica de Privacidade Pol\u00edtica de Privacidade Em vigor a partir de 1 de Janeiro de 2019. Estamos empenhados em proteger e respeitar a sua privacidade, pois consideramos a prote\u00e7\u00e3o de dados como um pilar fundamental para construir confian\u00e7a em rela\u00e7\u00f5es de parcerias fortes e duradouras. Esta pol\u00edtica estabelece a base sobre a qual todos os [&hellip;]<\/p>\n","protected":false},"author":1,"featured_media":0,"parent":0,"menu_order":0,"comment_status":"closed","ping_status":"closed","template":"","meta":{"content-type":"","_joinchat":[],"footnotes":""},"class_list":["post-3696","page","type-page","status-publish","hentry"],"_links":{"self":[{"href":"https:\/\/puntacanaemportugues.com\/wp-json\/wp\/v2\/pages\/3696","targetHints":{"allow":["GET"]}}],"collection":[{"href":"https:\/\/puntacanaemportugues.com\/wp-json\/wp\/v2\/pages"}],"about":[{"href":"https:\/\/puntacanaemportugues.com\/wp-json\/wp\/v2\/types\/page"}],"author":[{"embeddable":true,"href":"https:\/\/puntacanaemportugues.com\/wp-json\/wp\/v2\/users\/1"}],"replies":[{"embeddable":true,"href":"https:\/\/puntacanaemportugues.com\/wp-json\/wp\/v2\/comments?post=3696"}],"version-history":[{"count":6,"href":"https:\/\/puntacanaemportugues.com\/wp-json\/wp\/v2\/pages\/3696\/revisions"}],"predecessor-version":[{"id":9965,"href":"https:\/\/puntacanaemportugues.com\/wp-json\/wp\/v2\/pages\/3696\/revisions\/9965"}],"wp:attachment":[{"href":"https:\/\/puntacanaemportugues.com\/wp-json\/wp\/v2\/media?parent=3696"}],"curies":[{"name":"wp","href":"https:\/\/api.w.org\/{rel}","templated":true}]}}